{"id":94,"date":"2018-07-13T10:13:24","date_gmt":"2018-07-13T08:13:24","guid":{"rendered":"https:\/\/www.bancoboveri.com\/shop\/?post_type=product&#038;p=94"},"modified":"2026-03-04T20:43:55","modified_gmt":"2026-03-04T19:43:55","slug":"classic-paint-pad-6-15cm","status":"publish","type":"product","link":"https:\/\/www.bancoboveri.com\/shop\/catalogo\/prodotto\/classic-paint-pad-6-15cm\/","title":{"rendered":"Classic Paint Pad 6 pollici &#8211; 15cm"},"content":{"rendered":"<div class=\"rte\">\n<p>La facilit\u00e0 d&#8217;uso dei tamponi <span style=\"color: #ff0000;\">Padco Classic Paint Pad<\/span> permette di pitturare pareti e soffitti velocemente grazie alle decine di migliaia di minifibre in Nylfoam che trattengono la pittura e la rilasciano rapidamente sulla superficie riducendo colature e aumentando la velocit\u00e0 di esecuzione del lavoro. <span style=\"color: #ff0000;\">Padco Classic Paint Pad<\/span> \u00e8 ideale per pitturazioni tradizionali e decorazione. Per qualsiasi superficie pitturabile, compatibile sia con prodotti all&#8217;acqua che a solvente tradizionale.<\/p>\n<p><span style=\"color: #ff0000;\">Padco Classic Paint Pad<\/span> ha una guida regolabile che permette di creare bordi dritti e perfetti.<\/p>\n<p>Usa la vaschetta <span style=\"color: #ff0000;\">Padco Paint Pad Tray<\/span> per immergere correttamente il tampone evitando materiale in eccesso e colature di prodotto.<\/p>\n<p>Materiale brevettato a lunga durata. Pad di ricambio disponibile (Refill).<\/p>\n<\/div>\n<!--themify_builder_content-->\n<div id=\"themify_builder_content-94\" data-postid=\"94\" class=\"themify_builder_content themify_builder_content-94 themify_builder tf_clear\">\n    <\/div>\n<!--\/themify_builder_content-->\n","protected":false},"excerpt":{"rendered":"<ul>\n<li>Tampone con guida regolabile per bordi dritti e perfetti<\/li>\n<li>Combina la velocit\u00e0 e la facilit\u00e0 d&#8217;uso del rullo con la versatilit\u00e0 del pennello<\/li>\n<li>Decine di migliaia di minifibre permettono di trattenere la pittura ottimizzando l&#8217;applicazione senza colature<\/li>\n<li>Ideale per pitturazioni tradizionali e decorazione su muri e soffitti<\/li>\n<li>Compatibile sia con prodotti all&#8217;acqua che a solvente tradizionale<\/li>\n<\/ul>\n","protected":false},"featured_media":95,"comment_status":"open","ping_status":"closed","template":"","meta":{"_seopress_robots_primary_cat":"none","_seopress_titles_title":"","_seopress_titles_desc":"","_seopress_robots_index":"","_joinchat":[]},"product_brand":[],"product_cat":[31,49],"product_tag":[141],"class_list":{"0":"post-94","1":"product","2":"type-product","3":"status-publish","4":"has-post-thumbnail","6":"product_cat-tamponi","7":"product_cat-classic","8":"product_tag-padco","9":"product_shipping_class-classe-sped-padco","10":"has-post-title","11":"has-post-date","12":"has-post-category","13":"has-post-tag","14":"has-post-comment","15":"has-post-author","16":"","18":"first","19":"instock","20":"taxable","21":"shipping-taxable","22":"purchasable","23":"product-type-simple"},"_links":{"self":[{"href":"https:\/\/www.bancoboveri.com\/shop\/wp-json\/wp\/v2\/product\/94","targetHints":{"allow":["GET"]}}],"collection":[{"href":"https:\/\/www.bancoboveri.com\/shop\/wp-json\/wp\/v2\/product"}],"about":[{"href":"https:\/\/www.bancoboveri.com\/shop\/wp-json\/wp\/v2\/types\/product"}],"replies":[{"embeddable":true,"href":"https:\/\/www.bancoboveri.com\/shop\/wp-json\/wp\/v2\/comments?post=94"}],"wp:featuredmedia":[{"embeddable":true,"href":"https:\/\/www.bancoboveri.com\/shop\/wp-json\/wp\/v2\/media\/95"}],"wp:attachment":[{"href":"https:\/\/www.bancoboveri.com\/shop\/wp-json\/wp\/v2\/media?parent=94"}],"wp:term":[{"taxonomy":"product_brand","embeddable":true,"href":"https:\/\/www.bancoboveri.com\/shop\/wp-json\/wp\/v2\/product_brand?post=94"},{"taxonomy":"product_cat","embeddable":true,"href":"https:\/\/www.bancoboveri.com\/shop\/wp-json\/wp\/v2\/product_cat?post=94"},{"taxonomy":"product_tag","embeddable":true,"href":"https:\/\/www.bancoboveri.com\/shop\/wp-json\/wp\/v2\/product_tag?post=94"}],"curies":[{"name":"wp","href":"https:\/\/api.w.org\/{rel}","templated":true}]}}