{"id":836,"date":"2019-04-19T11:22:19","date_gmt":"2019-04-19T09:22:19","guid":{"rendered":"https:\/\/www.bancoboveri.com\/shop\/?post_type=product&#038;p=836"},"modified":"2023-04-14T07:52:20","modified_gmt":"2023-04-14T05:52:20","slug":"tappeti-copritombino-darcy","status":"publish","type":"product","link":"https:\/\/www.bancoboveri.com\/shop\/catalogo\/prodotto\/tappeti-copritombino-darcy\/","title":{"rendered":"Tappeti Copritombino Darcy"},"content":{"rendered":"<p>Tappeti copritombino Darcy fabbricati in poliuretano per offrire la massima resistenza e flessibilit\u00e0 e dotati di rivestimento protettivo ad alta visibilit\u00e0. Il lato di contatto \u00e8 leggermente appiccicoso in modo da creare una barriera super aderente ed efficace adattandosi perfettamente al tombino e al terreno circostante.<\/p>\n<p>Muniti di maniglie per un pi\u00f9 facile impiego e recupero. Su richiesta forniti in apposita borsa per custodia e trasporto.<\/p>\n<p>Disponibili in tre formati e due spessori, resistono a oli, idrocarburi e buona parte dei prodotti chimici e possono essere reimpiegati dopo l&#8217;uso.<\/p>\n<p>L\u2019intera gamma DARCY di assorbenti industriali specifici per assorbire oli, idrocarburi, sostanze chimiche e liquidi in generale, \u00e8 disponibile al miglior prezzo per fornitura diretta dal nostro magazzino di WALLASEY (UK), e pu\u00f2 anche essere fornita in forma anonima o personalizzata ai distributori e agli utilizzatori professionali. I prodotti visibili sul BancoBoveri sono solo una piccola parte, il catalogo completo \u00e8 visibile qui <a href=\"http:\/\/1drv.ms\/1DNEqzF\" target=\"_blank\" rel=\"noopener noreferrer\">Catalogo Darcy 2019<\/a><\/p>\n","protected":false},"excerpt":{"rendered":"<p><a href=\"https:\/\/www.bancoboveri.com\/shop\/wp-content\/uploads\/2019\/04\/Stoppit-Mats.pdf\">Stoppit Mats<\/a><\/p>\n","protected":false},"featured_media":838,"comment_status":"closed","ping_status":"closed","template":"","meta":{"_seopress_robots_primary_cat":"none","_seopress_titles_title":"Tappeti Copritombino Darcy Poliuretano salva inquinamento","_seopress_titles_desc":"Tappeti copritombino Darcy in poliuretano con un lato di contatto superaderente per avere una barriera efficace adattandosi al tombino e al terreno","_seopress_robots_index":"","_joinchat":[]},"product_brand":[],"product_cat":[78,95],"product_tag":[144],"class_list":{"0":"post-836","1":"product","2":"type-product","3":"status-publish","4":"has-post-thumbnail","6":"product_cat-prodotti-anti-inquinamento-assorbenti-industriali","7":"product_cat-tappeti-copritombino-adesivi-magnetici","8":"product_tag-darcy","9":"has-post-title","10":"has-post-date","11":"has-post-category","12":"has-post-tag","13":"has-post-comment","14":"has-post-author","15":"","17":"first","18":"instock","19":"taxable","20":"shipping-taxable","21":"purchasable","22":"product-type-variable"},"_links":{"self":[{"href":"https:\/\/www.bancoboveri.com\/shop\/wp-json\/wp\/v2\/product\/836","targetHints":{"allow":["GET"]}}],"collection":[{"href":"https:\/\/www.bancoboveri.com\/shop\/wp-json\/wp\/v2\/product"}],"about":[{"href":"https:\/\/www.bancoboveri.com\/shop\/wp-json\/wp\/v2\/types\/product"}],"replies":[{"embeddable":true,"href":"https:\/\/www.bancoboveri.com\/shop\/wp-json\/wp\/v2\/comments?post=836"}],"wp:featuredmedia":[{"embeddable":true,"href":"https:\/\/www.bancoboveri.com\/shop\/wp-json\/wp\/v2\/media\/838"}],"wp:attachment":[{"href":"https:\/\/www.bancoboveri.com\/shop\/wp-json\/wp\/v2\/media?parent=836"}],"wp:term":[{"taxonomy":"product_brand","embeddable":true,"href":"https:\/\/www.bancoboveri.com\/shop\/wp-json\/wp\/v2\/product_brand?post=836"},{"taxonomy":"product_cat","embeddable":true,"href":"https:\/\/www.bancoboveri.com\/shop\/wp-json\/wp\/v2\/product_cat?post=836"},{"taxonomy":"product_tag","embeddable":true,"href":"https:\/\/www.bancoboveri.com\/shop\/wp-json\/wp\/v2\/product_tag?post=836"}],"curies":[{"name":"wp","href":"https:\/\/api.w.org\/{rel}","templated":true}]}}