{"id":742,"date":"2019-04-06T17:12:37","date_gmt":"2019-04-06T15:12:37","guid":{"rendered":"https:\/\/www.bancoboveri.com\/shop\/?post_type=product&#038;p=742"},"modified":"2023-04-14T20:46:58","modified_gmt":"2023-04-14T18:46:58","slug":"panni-darcy-assorbire-qualsiasi-liquido","status":"publish","type":"product","link":"https:\/\/www.bancoboveri.com\/shop\/catalogo\/prodotto\/panni-darcy-assorbire-qualsiasi-liquido\/","title":{"rendered":"Panni Maintenance Darcy per assorbire qualsiasi tipo di liquido"},"content":{"rendered":"<p>Assorbenti realizzati al 99,50% in fibra di polipropilene MELTBLOWN e 0,50% colorante grigio da utilizzare in caso di sversamenti di vario genere: oli, idrocarburi, soluzioni acquose, liquidi immiscibili con l&#8217;acqua, lubrificanti, oli da taglio, prodotti chimici ad esclusione di quelli fortemente ossidanti.<\/p>\n<p>Il polipropilene (PP) \u00e8 un polimero termoplastico semicristallino caratterizzato da un elevato carico di rottura, una bassa densit\u00e0, una buona resistenza termica e all&#8217;abrasione. Le fibre di polipropilene sono legate tra loro a ultrasuoni in modo da ottenere una superficie goffrata che ne aumenta la resistenza e riduce lo sfilacciamento.<\/p>\n<p>Gli assorbenti Darcy uniscono una grande capacit\u00e0 di assorbimento ad una notevole convenienza e sono riutilizzabili fino a totale saturazione. Tutti gli assorbimenti dichiarati sono testati in base al BRITISH STANDARD, la documentazione completa \u00e8 disponibile su richiesta.<\/p>\n<p>In quanto prodotto tecnologicamente pi\u00f9 avanzato, i panni trattengono la sostanza assorbita e a parit\u00e0 di peso con gli assorbenti tradizionali sono molto pi\u00f9 performanti. Queste caratteristiche permettono un notevole risparmio al momento dello smaltimento.<\/p>\n<p>I panni si utilizzano direttamente sulle sostanze e superfici da trattare e non hanno una scadenza.<\/p>\n<p>I panni usati devono essere smaltiti come da D.lgs. 152\/2006 e s.m.i.: devono essere gestiti e codificati (codice CER) come rifiuto in base alla sostanza che hanno adsorbito.<\/p>\n<p>L\u2019intera gamma DARCY di assorbenti industriali specifici per assorbire oli, idrocarburi, sostanze chimiche e liquidi in generale, \u00e8 disponibile al miglior prezzo per fornitura diretta dal nostro magazzino di WALLASEY (UK), e pu\u00f2 anche essere fornita in forma anonima o personalizzata ai distributori e agli utilizzatori professionali. I prodotti visibili sul BancoBoveri sono solo una piccola parte, il catalogo completo \u00e8 visibile qui <a href=\"http:\/\/1drv.ms\/1DNEqzF\" target=\"_blank\" rel=\"noopener noreferrer\">Catalogo Darcy 2019<\/a><\/p>\n","protected":false},"excerpt":{"rendered":"<p><a href=\"https:\/\/www.bancoboveri.com\/shop\/wp-content\/uploads\/2019\/04\/Drizit-Active-Maintenance-175gsm-Pads.pdf\">Drizit Active Maintenance 175gsm Pads<\/a><\/p>\n","protected":false},"featured_media":747,"comment_status":"closed","ping_status":"closed","template":"","meta":{"_seopress_robots_primary_cat":"none","_seopress_titles_title":"Panni Maintenance Darcy per assorbire qualsiasi liquido","_seopress_titles_desc":"Panni Maintenance Darcy ad elevata capacit\u00e0 di assorbimento e ritenzione, resistente agli strappi e ai raggi UV ideali per circoscrivere gli sversamenti","_seopress_robots_index":"","_joinchat":[]},"product_brand":[],"product_cat":[78,89,91],"product_tag":[144],"class_list":{"0":"post-742","1":"product","2":"type-product","3":"status-publish","4":"has-post-thumbnail","6":"product_cat-prodotti-anti-inquinamento-assorbenti-industriali","7":"product_cat-assorbire-qualsiasi-tipologia-liquido","8":"product_cat-prodotti-per-assorbire-sostanze-inquinanti","9":"product_tag-darcy","10":"has-post-title","11":"has-post-date","12":"has-post-category","13":"has-post-tag","14":"has-post-comment","15":"has-post-author","16":"","18":"first","19":"instock","20":"taxable","21":"shipping-taxable","22":"purchasable","23":"product-type-variable"},"_links":{"self":[{"href":"https:\/\/www.bancoboveri.com\/shop\/wp-json\/wp\/v2\/product\/742","targetHints":{"allow":["GET"]}}],"collection":[{"href":"https:\/\/www.bancoboveri.com\/shop\/wp-json\/wp\/v2\/product"}],"about":[{"href":"https:\/\/www.bancoboveri.com\/shop\/wp-json\/wp\/v2\/types\/product"}],"replies":[{"embeddable":true,"href":"https:\/\/www.bancoboveri.com\/shop\/wp-json\/wp\/v2\/comments?post=742"}],"wp:featuredmedia":[{"embeddable":true,"href":"https:\/\/www.bancoboveri.com\/shop\/wp-json\/wp\/v2\/media\/747"}],"wp:attachment":[{"href":"https:\/\/www.bancoboveri.com\/shop\/wp-json\/wp\/v2\/media?parent=742"}],"wp:term":[{"taxonomy":"product_brand","embeddable":true,"href":"https:\/\/www.bancoboveri.com\/shop\/wp-json\/wp\/v2\/product_brand?post=742"},{"taxonomy":"product_cat","embeddable":true,"href":"https:\/\/www.bancoboveri.com\/shop\/wp-json\/wp\/v2\/product_cat?post=742"},{"taxonomy":"product_tag","embeddable":true,"href":"https:\/\/www.bancoboveri.com\/shop\/wp-json\/wp\/v2\/product_tag?post=742"}],"curies":[{"name":"wp","href":"https:\/\/api.w.org\/{rel}","templated":true}]}}