{"id":732,"date":"2019-04-06T16:38:12","date_gmt":"2019-04-06T14:38:12","guid":{"rendered":"https:\/\/www.bancoboveri.com\/shop\/?post_type=product&#038;p=732"},"modified":"2023-04-14T20:50:16","modified_gmt":"2023-04-14T18:50:16","slug":"panni-chemical-darcy-assorbire-composti-chimici-aggressivi","status":"publish","type":"product","link":"https:\/\/www.bancoboveri.com\/shop\/catalogo\/prodotto\/panni-chemical-darcy-assorbire-composti-chimici-aggressivi\/","title":{"rendered":"Panni Chemical Darcy per assorbire composti chimici aggressivi, caustici e tossici"},"content":{"rendered":"<p>Assorbenti realizzati al 99,50% in fibra di polipropilene MELTBLOWN e 0,50% colorante giallo da utilizzare in caso di sversamenti di prodotti chimici, ad esclusione di quelli fortemente ossidanti. In caso di necessit\u00e0 gli assorbenti Chemical possono anche essere usati con oli, idrocarburi, soluzioni acquose e liquidi non miscibili con l&#8217;acqua.<\/p>\n<p>Il polipropilene (PP) \u00e8 un polimero termoplastico semicristallino caratterizzato da un elevato carico di rottura, una bassa densit\u00e0, una buona resistenza termica e all\u2019abrasione. Le fibre di polipropilene sono legate tra loro a ultrasuoni in modo da ottenere una superficie goffrata che ne aumenta la resistenza e riduce lo sfilacciamento.<\/p>\n<p>Gli assorbenti Darcy uniscono una grande capacit\u00e0 di assorbimento ad una notevole convenienza e sono riutilizzabili fino a totale saturazione. Tutti gli assorbimenti dichiarati sono testati in base al BRITISH STANDARD, la documentazione completa \u00e8 disponibile su richiesta.<\/p>\n<p>In quanto prodotto tecnologicamente pi\u00f9 avanzato, i panni trattengono la sostanza assorbita e a parit\u00e0 di peso con gli assorbenti tradizionali sono molto pi\u00f9 performanti. Queste caratteristiche permettono un notevole risparmio al momento dello smaltimento.<\/p>\n<p>I panni si utilizzano direttamente sulle sostanze e superfici da trattare e non hanno una scadenza.<\/p>\n<p>I panni usati devono essere smaltiti come da D.lgs. 152\/2006 e s.m.i.: devono essere gestiti e codificati (codice CER) come rifiuto in base alla sostanza che hanno adsorbito.<\/p>\n<p>L\u2019intera gamma DARCY di assorbenti industriali specifici per assorbire oli, idrocarburi, sostanze chimiche e liquidi in generale, \u00e8 disponibile al miglior prezzo per fornitura diretta dal nostro magazzino di WALLASEY (UK), e pu\u00f2 anche essere fornita in forma anonima o personalizzata ai distributori e agli utilizzatori professionali. I prodotti visibili sul BancoBoveri sono solo una piccola parte, il catalogo completo \u00e8 visibile qui <a href=\"http:\/\/1drv.ms\/1DNEqzF\" target=\"_blank\" rel=\"noopener noreferrer\">Catalogo Darcy 2019<\/a><\/p>\n","protected":false},"excerpt":{"rendered":"<p><a href=\"https:\/\/www.bancoboveri.com\/shop\/wp-content\/uploads\/2019\/04\/Drizit-Active-Chemical-175gsm-Pads.pdf\">Drizit Active Chemical 175gsm Pads<\/a><\/p>\n","protected":false},"featured_media":737,"comment_status":"closed","ping_status":"closed","template":"","meta":{"_seopress_robots_primary_cat":"none","_seopress_titles_title":"Panni Chemical Darcy per assorbire qualsiasi liquido","_seopress_titles_desc":"Panni Chemical Darcy ad elevata capacit\u00e0 di assorbimento e ritenzione, resistente agli strappi e ai raggi UV ideali per circoscrivere gli sversamenti","_seopress_robots_index":"","_joinchat":[]},"product_brand":[],"product_cat":[78,88,91],"product_tag":[144],"class_list":{"0":"post-732","1":"product","2":"type-product","3":"status-publish","4":"has-post-thumbnail","6":"product_cat-prodotti-anti-inquinamento-assorbenti-industriali","7":"product_cat-assorbire-composti-chimici-aggressivi-caustici-tossici","8":"product_cat-prodotti-per-assorbire-sostanze-inquinanti","9":"product_tag-darcy","10":"has-post-title","11":"has-post-date","12":"has-post-category","13":"has-post-tag","14":"has-post-comment","15":"has-post-author","16":"","18":"first","19":"instock","20":"taxable","21":"shipping-taxable","22":"purchasable","23":"product-type-variable"},"_links":{"self":[{"href":"https:\/\/www.bancoboveri.com\/shop\/wp-json\/wp\/v2\/product\/732","targetHints":{"allow":["GET"]}}],"collection":[{"href":"https:\/\/www.bancoboveri.com\/shop\/wp-json\/wp\/v2\/product"}],"about":[{"href":"https:\/\/www.bancoboveri.com\/shop\/wp-json\/wp\/v2\/types\/product"}],"replies":[{"embeddable":true,"href":"https:\/\/www.bancoboveri.com\/shop\/wp-json\/wp\/v2\/comments?post=732"}],"wp:featuredmedia":[{"embeddable":true,"href":"https:\/\/www.bancoboveri.com\/shop\/wp-json\/wp\/v2\/media\/737"}],"wp:attachment":[{"href":"https:\/\/www.bancoboveri.com\/shop\/wp-json\/wp\/v2\/media?parent=732"}],"wp:term":[{"taxonomy":"product_brand","embeddable":true,"href":"https:\/\/www.bancoboveri.com\/shop\/wp-json\/wp\/v2\/product_brand?post=732"},{"taxonomy":"product_cat","embeddable":true,"href":"https:\/\/www.bancoboveri.com\/shop\/wp-json\/wp\/v2\/product_cat?post=732"},{"taxonomy":"product_tag","embeddable":true,"href":"https:\/\/www.bancoboveri.com\/shop\/wp-json\/wp\/v2\/product_tag?post=732"}],"curies":[{"name":"wp","href":"https:\/\/api.w.org\/{rel}","templated":true}]}}