{"id":412,"date":"2019-01-17T22:36:45","date_gmt":"2019-01-17T21:36:45","guid":{"rendered":"https:\/\/www.bancoboveri.com\/shop\/?post_type=product&#038;p=412"},"modified":"2026-02-12T17:12:39","modified_gmt":"2026-02-12T16:12:39","slug":"zinsser-primer-b-i-n","status":"publish","type":"product","link":"https:\/\/www.bancoboveri.com\/shop\/catalogo\/prodotto\/zinsser-primer-b-i-n\/","title":{"rendered":"ZINSSER PRIMER B.I.N."},"content":{"rendered":"<p>Zinsser B.I.N. \u00e8 un primer ad essiccazione ultra rapida con adesione superiore su superfici lucide e compatte,\u00a0 formula coprente per bloccare anche le macchie pi\u00f9 tenaci e persistenti.\u00a0Zinsser B.I.N. sigilla le superfici porose, si applica anche a basse temperature ed isola in modo permanente da ogni tipo di odore.\u00a0 Oscura e blocca la risalita dei nodi del legno e delle colature di resina e tannino, il film secco di Zinsser B.I.N. non \u00e8 tossico ed \u00e8 ipoallergenico.<\/p>\n<p>Zinsser B.I.N. viene utilizzato per bloccare macchie di acqua, di unto, di ruggine, fumo, catrame, graffiti ed tutte le macchie non solubili nell\u2019alcool. Zinsser B.I.N. \u00e8 consigliato per l\u2019applicazione in interni su soffitti, muri, porte, elementi ornamentali, armadi, mobili e tutte le superfici verniciabili legate a questi elementi. L\u2019uso in esterno \u00e8 limitato ai soli ritocchi e deve essere sempre sovraverniciato.<\/p>\n<p>Interni: cartongesso asciutto nuovo o con vecchie pitturazioni, superfici a base gesso o cemento purch\u00e9 ben asciutte, legno (pino, abete, cedro, legni rossi, compensati), metallo (alluminio, ferro, acciaio inox, rame), vinile, PVC, fibra di vetro, intonaci ben asciutti (stucco, blocchi, cemento, mattoni). Ideale per usi specifici quali coprire vecchie decorazioni e stucchi veneziani, carta da parati, colori scuri, effetti metallici e pittura lavagna, oscurare le macchie di matita, pennarello e rossetto. Nella decorazione fai da te e nel modellismo prepara le superfici in balsa e legno leggero per le successive applicazioni di colore.<\/p>\n<p>Zinsser B.I.N. \u00e8 ideale come primer antimacchia per bloccare e isolare i danni e gli odori derivanti dall&#8217;acqua e dal fuoco.<\/p>\n<p>Esterno: Isolare localmente (in ritocco) i nodi del legno che presentano ricorrenti perdite e le tracce delle colature di resina prima dell\u2019applicazione di una finitura appropriata sia in fase acquosa che a solvente.<\/p>\n<p>Zinsser B.I.N. fissa le superfici non pitturate o porose, consentendo alla finitura una maggiore resa. Impregna e lega le fibre del legno creando una superficie liscia e chiusa e impedendo la penetrazione della finitura, garantendo cos\u00ec una maggiore resa e permettendo di applicare un numero minore di mani di finitura.<\/p>\n<p>Zinsser B.I.N. \u00e8 un fondo ideale per bloccare le macchie in interni. Una sola mano blocca efficacemente macchie di acqua, nicotina, inchiostro, graffiti, matita, pennarello, ruggine e fumo, e impedisce che ricompaiano attraverso la finitura. Alcune macchie molto consistenti richiedono una seconda mano. Consigliato per bloccare permanentemente macchie rivelanti d\u2019acqua o fuoco, Zinsser B.I.N. isola le macchie e gli odori causati da incendi o perdite d\u2019acqua. Isola anche odori di urina, o altri odori animali. Zinsser B.I.N. pu\u00f2 essere usato in locali dove si pu\u00f2 verificare un contatto accidentale con sostanze alimentari. Zinsser B.I.N. \u00e8 consigliato per la conversioni di ex aree fumatori per bloccare macchie di nicotina e isolare l\u2019odore del tabacco.<\/p>\n<p>Superfici lucide: smalti e vernici lucide, ceramica, laccatura, mobili e superfici metalliche possono essere pitturate senza carteggiatura n\u00e9 levigatura; Zinsser B.I.N. pu\u00f2 essere utilizzato come primer su carte da parati esistenti, perfettamente aderenti e non porose, per nascondere i motivi e i colori scuri prima della pitturazione.<\/p>\n<p>Prima di applicare Zinsser B.I.N. si raccomanda di rimescolare bene il prodotto cos\u00ec da ottenere un omogeneo colore bianco brillante. Applicare una prima mano utilizzando un pennello in setola naturale o sintetico, rullo in nylon o poliestere (8-12mm). A spruzzo pneumatico si consiglia: ugello 1,5mm, pressione 3-4 bar, non diluire. Ad Airless: ugello 11-13 pollici, pressione 55 &#8211; 88 bar, non diluire.<\/p>\n<p>Lasciare asciugare 45 minuti prima di applicare un&#8217;eventuale seconda mano.<\/p>\n<p>Applicare quando la temperatura dell\u2019aria e della superficie sono comprese tra -1\u00b0 e +32\u00b0C. e l\u2019Umidit\u00e0 Relativa \u00e8 inferiore al 70%. Il tasso di umidit\u00e0 del supporto deve essere inferiore al 12%<\/p>\n<p>Zinsser B.I.N. ha una finitura bianco vivo satinato (grado di brillantezza 60\u00b0: 23%) e ha una resa indicativa di 9\/12mq per litro.<\/p>\n<p>Spessore raccomandato del film:<br \/>\nFilm umido: 80-110 micron<br \/>\nFilm secco: 30-40 micron<\/p>\n<p>Pulire le sgocciolature e gli spruzzi con alcool denaturato o detergente ammoniacale. Pulire gli attrezzi con una soluzione composta da 1 parte di ammoniaca e 3 parti d&#8217;acqua immediatamente dopo l&#8217;utilizzo.<\/p>\n","protected":false},"excerpt":{"rendered":"<p>Fondo aggrappante pigmentato per isolare e bloccare le macchie, a base di resine gommalacca in fase solvente (alcool)<\/p>\n","protected":false},"featured_media":418,"comment_status":"open","ping_status":"closed","template":"","meta":{"_seopress_robots_primary_cat":"none","_seopress_titles_title":"","_seopress_titles_desc":"","_seopress_robots_index":"","_joinchat":[]},"product_brand":[],"product_cat":[61,16],"product_tag":[138],"class_list":{"0":"post-412","1":"product","2":"type-product","3":"status-publish","4":"has-post-thumbnail","6":"product_cat-edilizia","7":"product_cat-legno","8":"product_tag-zinsser","9":"has-post-title","10":"has-post-date","11":"has-post-category","12":"has-post-tag","13":"has-post-comment","14":"has-post-author","15":"","17":"first","18":"instock","19":"taxable","20":"shipping-taxable","21":"purchasable","22":"product-type-variable","23":"has-default-attributes"},"_links":{"self":[{"href":"https:\/\/www.bancoboveri.com\/shop\/wp-json\/wp\/v2\/product\/412","targetHints":{"allow":["GET"]}}],"collection":[{"href":"https:\/\/www.bancoboveri.com\/shop\/wp-json\/wp\/v2\/product"}],"about":[{"href":"https:\/\/www.bancoboveri.com\/shop\/wp-json\/wp\/v2\/types\/product"}],"replies":[{"embeddable":true,"href":"https:\/\/www.bancoboveri.com\/shop\/wp-json\/wp\/v2\/comments?post=412"}],"wp:featuredmedia":[{"embeddable":true,"href":"https:\/\/www.bancoboveri.com\/shop\/wp-json\/wp\/v2\/media\/418"}],"wp:attachment":[{"href":"https:\/\/www.bancoboveri.com\/shop\/wp-json\/wp\/v2\/media?parent=412"}],"wp:term":[{"taxonomy":"product_brand","embeddable":true,"href":"https:\/\/www.bancoboveri.com\/shop\/wp-json\/wp\/v2\/product_brand?post=412"},{"taxonomy":"product_cat","embeddable":true,"href":"https:\/\/www.bancoboveri.com\/shop\/wp-json\/wp\/v2\/product_cat?post=412"},{"taxonomy":"product_tag","embeddable":true,"href":"https:\/\/www.bancoboveri.com\/shop\/wp-json\/wp\/v2\/product_tag?post=412"}],"curies":[{"name":"wp","href":"https:\/\/api.w.org\/{rel}","templated":true}]}}