{"id":39,"date":"2018-07-06T07:44:56","date_gmt":"2018-07-06T05:44:56","guid":{"rendered":"https:\/\/www.bancoboveri.com\/shop\/?post_type=product&#038;p=39"},"modified":"2026-03-19T10:12:00","modified_gmt":"2026-03-19T09:12:00","slug":"padbrush-painting-set-10","status":"publish","type":"product","link":"https:\/\/www.bancoboveri.com\/shop\/catalogo\/prodotto\/padbrush-painting-set-10\/","title":{"rendered":"PadBRUSH Set 10 pollici &#8211; 25 cm"},"content":{"rendered":"<p>La facilit\u00e0 d&#8217;uso dei <span style=\"color: #ff0000;\">Padco PadBRUSH<\/span> permette di pitturare pareti e soffitti velocemente grazie alle decine di migliaia di minifibre in <span style=\"color: #ff0000;\">Nylfoam<\/span> che trattengono la pittura e la rilasciano rapidamente sulla superficie riducendo colature e aumentando la velocit\u00e0 di esecuzione del lavoro. <span style=\"color: #ff0000;\">Padco PadBRUSH<\/span> \u00e8 ideale per pitturazioni tradizionali, decorazione e applicazione di colle per tappezzeria. Per qualsiasi superficie pitturabile, compatibile con prodotti all&#8217;acqua (pulizia del tampone autoadesivo con acqua e sapone) e prodotti a solvente tradizionale (sostituzione del tampone autoadesivo)<\/p>\n<p><span style=\"color: #ff0000;\">Padco PadBRUSH<\/span> ha bordi a spessore per creare bordature dritte e perfette.<\/p>\n<p>La vaschetta<span style=\"color: #ff0000;\"> Padco Paint Pad Tray<\/span> compresa nel set permette di immergere correttamente il tampone evitando materiale in eccesso e colature di prodotto.<\/p>\n<p>Materiale brevettato a lunga durata.<\/p>\n","protected":false},"excerpt":{"rendered":"<p>PadBRUSH combina la velocit\u00e0 e la facilit\u00e0 d&#8217;uso del rullo con la versatilit\u00e0 del pennello. Ideale per pitturazioni tradizionali e decorazione su muri e soffitti, applicazione della colla per tappezzeria.<\/p>\n<p>PadBRUSH Set da 10&#8243; &#8211; 25cm contiene:<br \/>\n1 PadBRUSH 10&#8243; (manico) con 1 Pad<br \/>\n1 Edger PadBRUSH (manico) con 1 Pad<br \/>\n1 Corner PadBRUSH (manico) con 1 Pad<br \/>\n1 Wand PadBRUSH (manico) con 2 Pad<br \/>\n1 Padco Paint Pad Tray completa di gancio metallico<\/p>\n","protected":false},"featured_media":40,"comment_status":"open","ping_status":"closed","template":"","meta":{"_seopress_robots_primary_cat":"none","_seopress_titles_title":"PadBRUSH Set Completo per pitturare senza gocciolare","_seopress_titles_desc":"PadBRUSH combina la velocit\u00e0 e la facilit\u00e0 d&#039;uso del rullo con la versatilit\u00e0 e la leggerezza del pennello. Per pitturare muri, perline e applicare la colla.","_seopress_robots_index":"","_joinchat":[]},"product_brand":[],"product_cat":[53,50,31],"product_tag":[141],"class_list":{"0":"post-39","1":"product","2":"type-product","3":"status-publish","4":"has-post-thumbnail","6":"product_cat-kit-completi","7":"product_cat-padbrush","8":"product_cat-tamponi","9":"product_tag-padco","10":"product_shipping_class-classe-sped-gratis","11":"has-post-title","12":"has-post-date","13":"has-post-category","14":"has-post-tag","15":"has-post-comment","16":"has-post-author","17":"","19":"first","20":"instock","21":"taxable","22":"shipping-taxable","23":"purchasable","24":"product-type-simple"},"_links":{"self":[{"href":"https:\/\/www.bancoboveri.com\/shop\/wp-json\/wp\/v2\/product\/39","targetHints":{"allow":["GET"]}}],"collection":[{"href":"https:\/\/www.bancoboveri.com\/shop\/wp-json\/wp\/v2\/product"}],"about":[{"href":"https:\/\/www.bancoboveri.com\/shop\/wp-json\/wp\/v2\/types\/product"}],"replies":[{"embeddable":true,"href":"https:\/\/www.bancoboveri.com\/shop\/wp-json\/wp\/v2\/comments?post=39"}],"wp:featuredmedia":[{"embeddable":true,"href":"https:\/\/www.bancoboveri.com\/shop\/wp-json\/wp\/v2\/media\/40"}],"wp:attachment":[{"href":"https:\/\/www.bancoboveri.com\/shop\/wp-json\/wp\/v2\/media?parent=39"}],"wp:term":[{"taxonomy":"product_brand","embeddable":true,"href":"https:\/\/www.bancoboveri.com\/shop\/wp-json\/wp\/v2\/product_brand?post=39"},{"taxonomy":"product_cat","embeddable":true,"href":"https:\/\/www.bancoboveri.com\/shop\/wp-json\/wp\/v2\/product_cat?post=39"},{"taxonomy":"product_tag","embeddable":true,"href":"https:\/\/www.bancoboveri.com\/shop\/wp-json\/wp\/v2\/product_tag?post=39"}],"curies":[{"name":"wp","href":"https:\/\/api.w.org\/{rel}","templated":true}]}}