{"id":241,"date":"2018-11-29T19:00:15","date_gmt":"2018-11-29T18:00:15","guid":{"rendered":"https:\/\/www.bancoboveri.com\/shop\/?post_type=product&#038;p=241"},"modified":"2026-04-12T18:10:08","modified_gmt":"2026-04-12T16:10:08","slug":"padco-deck-fence-stain-pad-10-25cm","status":"publish","type":"product","link":"https:\/\/www.bancoboveri.com\/shop\/catalogo\/prodotto\/padco-deck-fence-stain-pad-10-25cm\/","title":{"rendered":"Padco Deck &#038; Fence Stain Pad 10 pollici &#8211; 25cm"},"content":{"rendered":"<p>Tampone reversibile* per esterni, ideale per staccionate, pedane, casette in legno e perline. Due volte pi\u00f9 veloce del pennello. Ideale per cere, impregnanti, oli, pitturazioni tradizionali su legno. Compatibile con prodotti all&#8217;acqua, olio e a solvente tradizionale. Permette di far penetrare il prodotto nelle aree difficili senza sprecarne (antiscivolo, perline, ecc&#8230;)<\/p>\n<p>Usa la vaschetta Padco Paint Pad Tray per immergere correttamente il tampone evitando materiale in eccesso e colature di prodotto.<\/p>\n<p>Materiale brevettato a lunga durata. Pad di ricambio disponibile (Refill).<\/p>\n<p>*Reversibile<br \/>\nIl tampone pu\u00f2 essere sfilato allentando una delle due alette laterali, ruotato di 180\u00b0 lasciando sempre la parte bianca rivolta verso l&#8217;esterno, e nuovamente bloccato in modo da poter riallineare le fibre del Pad e allungare la vita del prodotto.<\/p>\n<!--themify_builder_content-->\n<div id=\"themify_builder_content-241\" data-postid=\"241\" class=\"themify_builder_content themify_builder_content-241 themify_builder tf_clear\">\n    <\/div>\n<!--\/themify_builder_content-->\n","protected":false},"excerpt":{"rendered":"<div id=\"short_description_content\" class=\"rte align_justify\">\n<div id=\"short_description_content\" class=\"rte align_justify\">\n<p>Tampone reversibile* per esterni, ideale per staccionate, pedane, casette in legno e perline.<\/p>\n<p><strong>Due volte pi\u00f9 veloce del pennello.<\/strong><\/p>\n<\/div>\n<ul>\n<li>Le fibre a spessore entrano anche nelle assi con antiscivolo profondo<\/li>\n<li>Per prodotti all&#8217;acqua, olio e a solvente tradizionale<\/li>\n<li>Combina la velocit\u00e0 e la facilit\u00e0 d&#8217;uso del rullo con la versatilit\u00e0 del pennello<\/li>\n<\/ul>\n<\/div>\n","protected":false},"featured_media":242,"comment_status":"open","ping_status":"closed","template":"","meta":{"_seopress_robots_primary_cat":"none","_seopress_titles_title":"","_seopress_titles_desc":"","_seopress_robots_index":"","_joinchat":[]},"product_brand":[],"product_cat":[31,51],"product_tag":[141],"class_list":{"0":"post-241","1":"product","2":"type-product","3":"status-publish","4":"has-post-thumbnail","6":"product_cat-tamponi","7":"product_cat-deck-fence","8":"product_tag-padco","9":"product_shipping_class-classe-sped-padco","10":"has-post-title","11":"has-post-date","12":"has-post-category","13":"has-post-tag","14":"has-post-comment","15":"has-post-author","16":"","18":"first","19":"instock","20":"taxable","21":"shipping-taxable","22":"purchasable","23":"product-type-simple"},"_links":{"self":[{"href":"https:\/\/www.bancoboveri.com\/shop\/wp-json\/wp\/v2\/product\/241","targetHints":{"allow":["GET"]}}],"collection":[{"href":"https:\/\/www.bancoboveri.com\/shop\/wp-json\/wp\/v2\/product"}],"about":[{"href":"https:\/\/www.bancoboveri.com\/shop\/wp-json\/wp\/v2\/types\/product"}],"replies":[{"embeddable":true,"href":"https:\/\/www.bancoboveri.com\/shop\/wp-json\/wp\/v2\/comments?post=241"}],"wp:featuredmedia":[{"embeddable":true,"href":"https:\/\/www.bancoboveri.com\/shop\/wp-json\/wp\/v2\/media\/242"}],"wp:attachment":[{"href":"https:\/\/www.bancoboveri.com\/shop\/wp-json\/wp\/v2\/media?parent=241"}],"wp:term":[{"taxonomy":"product_brand","embeddable":true,"href":"https:\/\/www.bancoboveri.com\/shop\/wp-json\/wp\/v2\/product_brand?post=241"},{"taxonomy":"product_cat","embeddable":true,"href":"https:\/\/www.bancoboveri.com\/shop\/wp-json\/wp\/v2\/product_cat?post=241"},{"taxonomy":"product_tag","embeddable":true,"href":"https:\/\/www.bancoboveri.com\/shop\/wp-json\/wp\/v2\/product_tag?post=241"}],"curies":[{"name":"wp","href":"https:\/\/api.w.org\/{rel}","templated":true}]}}