{"id":229,"date":"2018-11-29T18:22:21","date_gmt":"2018-11-29T17:22:21","guid":{"rendered":"https:\/\/www.bancoboveri.com\/shop\/?post_type=product&#038;p=229"},"modified":"2026-03-10T17:04:40","modified_gmt":"2026-03-10T16:04:40","slug":"refill-corner-padbrush","status":"publish","type":"product","link":"https:\/\/www.bancoboveri.com\/shop\/catalogo\/prodotto\/refill-corner-padbrush\/","title":{"rendered":"Corner PadBRUSH Refill"},"content":{"rendered":"<p>La facilit\u00e0 d&#8217;uso di Corner PadBRUSH permette di pitturare gli angoli di pareti e soffitti velocemente grazie alle decine di migliaia di minifibre in Nylfoam che trattengono la pittura e la rilasciano rapidamente sulla superficie riducendo colature e aumentando la velocit\u00e0 di esecuzione del lavoro. Padco Corner PadBRUSH \u00e8 ideale per pitturazioni tradizionali, decorazione e applicazione di colle per tappezzeria. Per qualsiasi superficie pitturabile, compatibile con prodotti all&#8217;acqua (pulizia del tampone autoadesivo con acqua e sapone) e prodotti a solvente tradizionale (sostituzione del tampone autoadesivo)<\/p>\n<p>Padco Corner PadBRUSH ha il vantaggio di pitturare contemporaneamente l&#8217;angolo interno e le due superfici esterne ottenendo una superficie perfetta.<\/p>\n<p>Usa la vaschetta Padco Paint Pad Tray per immergere correttamente il tampone evitando materiale in eccesso e colature di prodotto.<\/p>\n<p>Materiale brevettato a lunga durata. La confezione contiene 2 Pad ricambio per Tampone Corner.<\/p>\n","protected":false},"excerpt":{"rendered":"<ul>\n<li>2 Pad per Corner PadBRUSH di nuova generazione, ecologico e facile da pulire.<\/li>\n<li>Combina la velocit\u00e0 e la facilit\u00e0 d&#8217;uso del rullo con la versatilit\u00e0 del pennello.<\/li>\n<li>Decine di migliaia di minifibre permettono di trattenere la pittura ottimizzando l&#8217;applicazione senza colature.<\/li>\n<li>Ideale per pitturazioni tradizionali e decorazione su muri e soffitti, applicazione della colla per tappezzeria.<\/li>\n<li>Compatibile sia con prodotti all&#8217;acqua che a solvente tradizionale.<\/li>\n<\/ul>\n","protected":false},"featured_media":233,"comment_status":"open","ping_status":"closed","template":"","meta":{"_seopress_robots_primary_cat":"none","_seopress_titles_title":"","_seopress_titles_desc":"","_seopress_robots_index":"","_joinchat":[]},"product_brand":[],"product_cat":[31,50,32],"product_tag":[141],"class_list":{"0":"post-229","1":"product","2":"type-product","3":"status-publish","4":"has-post-thumbnail","6":"product_cat-tamponi","7":"product_cat-padbrush","8":"product_cat-ricambi","9":"product_tag-padco","10":"product_shipping_class-classe-sped-padco","11":"has-post-title","12":"has-post-date","13":"has-post-category","14":"has-post-tag","15":"has-post-comment","16":"has-post-author","17":"","19":"first","20":"instock","21":"taxable","22":"shipping-taxable","23":"purchasable","24":"product-type-simple"},"_links":{"self":[{"href":"https:\/\/www.bancoboveri.com\/shop\/wp-json\/wp\/v2\/product\/229","targetHints":{"allow":["GET"]}}],"collection":[{"href":"https:\/\/www.bancoboveri.com\/shop\/wp-json\/wp\/v2\/product"}],"about":[{"href":"https:\/\/www.bancoboveri.com\/shop\/wp-json\/wp\/v2\/types\/product"}],"replies":[{"embeddable":true,"href":"https:\/\/www.bancoboveri.com\/shop\/wp-json\/wp\/v2\/comments?post=229"}],"wp:featuredmedia":[{"embeddable":true,"href":"https:\/\/www.bancoboveri.com\/shop\/wp-json\/wp\/v2\/media\/233"}],"wp:attachment":[{"href":"https:\/\/www.bancoboveri.com\/shop\/wp-json\/wp\/v2\/media?parent=229"}],"wp:term":[{"taxonomy":"product_brand","embeddable":true,"href":"https:\/\/www.bancoboveri.com\/shop\/wp-json\/wp\/v2\/product_brand?post=229"},{"taxonomy":"product_cat","embeddable":true,"href":"https:\/\/www.bancoboveri.com\/shop\/wp-json\/wp\/v2\/product_cat?post=229"},{"taxonomy":"product_tag","embeddable":true,"href":"https:\/\/www.bancoboveri.com\/shop\/wp-json\/wp\/v2\/product_tag?post=229"}],"curies":[{"name":"wp","href":"https:\/\/api.w.org\/{rel}","templated":true}]}}