{"id":1896,"date":"2021-06-09T17:39:46","date_gmt":"2021-06-09T15:39:46","guid":{"rendered":"https:\/\/www.bancoboveri.com\/shop\/?post_type=product&#038;p=1896"},"modified":"2026-05-05T09:26:37","modified_gmt":"2026-05-05T07:26:37","slug":"zinsser-primer-1-2-3-plus","status":"publish","type":"product","link":"https:\/\/www.bancoboveri.com\/shop\/catalogo\/prodotto\/zinsser-primer-1-2-3-plus\/","title":{"rendered":"ZINSSER PRIMER Bulls Eye 1-2-3 Plus"},"content":{"rendered":"<p>Zinsser Bulls Eye 1-2-3 Plus \u00e8 un primer universale a base acquosa epossi-estere cationico a rapida essiccazione con eccellenti propriet\u00e0 sigillanti. Per uso interno ed esterno. Bulls Eye 1-2-3 Plus blocca le macchie (anche quelle di acqua e fumo). Aderisce a quasi tutte le superfici senza previa carteggiatura.<\/p>\n<p>Bulls Eye 1-2-3 Plus pu\u00f2 essere applicato su molte superfici interne ed esterne, come pareti, soffitti, porte, finiture e altre superfici verniciabili. Sigilla le superfici porose.<br \/>\nIntrappola la maggior parte delle macchie ed evita il loro affioramento nel film di primer: danni da acqua, graffiti, grasso, creosoto, fumo, catrame, tannino di quercia, noce, cedro e sequoia. Se il supporto \u00e8 molto poroso o in caso di forti macchie, possono essere necessarie 2 mani prima della finitura.<br \/>\nAlcune superfici nude e precedentemente pitturate: cartongesso, intonaco, cemento, legno (pino, abete, cedro, compensato), vetro, metalli non ferrosi (alluminio, rame, acciaio inossidabile, acciaio zincato), vinile, fibra di vetro, muratura (stucco, cemento, mattoni), ecc&#8230; Non adatto per l&#8217;uso su acciaio o altri metalli ferrosi poich\u00e9 potrebbe verificarsi una formazione di ruggine.<\/p>\n<p>Bulls Eye 1-2-3 Plus contiene resine speciali per poter essere applicato su pannellature e muratura moderatamente sfarinate e superfici verniciate. Si pu\u00f2 utilizzare su superfici ad alto pH (fino a 12,5).<br \/>\nAderisce a smalti lucidi, vernici senza cera, macchie di legno, Formica\u00ae, PVC e alcune plastiche dure e piastrelle di ceramica senza pre-levigatura o de-gloss superficiale.<\/p>\n<p><span class=\"VIiyi\" lang=\"it\"><span class=\"JLqJ4b\" data-language-for-alternatives=\"it\" data-language-to-translate-into=\"en\" data-phrase-index=\"0\">Le superfici devono essere pulite, asciutte, solide e prive di parti\/vernici in cattivo stato di aderenza, contaminazioni: grasso, olio, cera, muffa e altri microrganismi, collanti per carta da parati, ecc., che non aderiscono. Lavare sempre la superficie con un detergente appropriato, ad es. Mathys Multicleaner o Kimiks Surfacer Net. Se la superficie \u00e8 verniciata carteggiare i bordi della pellicola in modo che rimangano lisci. Carteggiare il legno esterno con carta vetrata da 80 a 100 per rimuovere eventuali le fibre danneggiate o spaccate. Tentare di rimuovere le macchie esistenti lavando, carteggiando, raschiando, ecc. Individuare nodi e affioramenti di linfa e trattare con Zinsser\u00ae B-I-N Primer prima di applicare Bulls Eye 1-2-3 Plus sull&#8217;intera superficie.<br \/>\n<\/span><\/span><\/p>\n<p><span class=\"VIiyi\" lang=\"it\"><span class=\"JLqJ4b\" data-language-for-alternatives=\"it\" data-language-to-translate-into=\"en\" data-phrase-index=\"0\">ISTRUZIONI PER L&#8217;USO<br \/>\n<\/span><\/span><span class=\"VIiyi\" lang=\"it\"><span class=\"JLqJ4b\" data-language-for-alternatives=\"it\" data-language-to-translate-into=\"en\" data-phrase-index=\"0\"> Mescolare bene prima e durante l&#8217;utilizzo. Per applicazione parziale (solo in alcuni punti della superficie) consigliamo solo con finiture ad alto potere coprenti o elevata opacit\u00e0. Trattare l&#8217;intera superficie per ottenere il miglior risultato. Conservare la confezione sigillata se il prodotto non viene utilizzato. Non mescolare Bulls Eye 1-2-3 Plus con altre vernici o primer.<br \/>\n<\/span><\/span><\/p>\n<p><span class=\"VIiyi\" lang=\"it\"><span class=\"JLqJ4b\" data-language-for-alternatives=\"it\" data-language-to-translate-into=\"en\" data-phrase-index=\"0\"> CONDIZIONI DI APPLICAZIONE<br \/>\nTemperatura dell&#8217;aria e della superficie compresa tra 10 e 25\u00b0C e umidit\u00e0 relativa inferiore all&#8217;85%. L&#8217;umidit\u00e0 del supporto non pu\u00f2 superare il 12%.<br \/>\n<\/span><\/span><span class=\"VIiyi\" lang=\"it\"><span class=\"JLqJ4b\" data-language-for-alternatives=\"it\" data-language-to-translate-into=\"en\" data-phrase-index=\"0\">PENNELLO: Utilizzare un pennello con setole in nylon, poliestere o sintetica. Non diluire.<br \/>\nRULLO: Utilizzare un rullo in nylon, poliestere o sintetico. Non diluire.<br \/>\nSPRAY AIRLESS: Ugello 0,017 pollici, pressione: 140 -170 bar. Non diluire.<br \/>\n<\/span><\/span><span class=\"VIiyi\" lang=\"it\"><span class=\"JLqJ4b\" data-language-for-alternatives=\"it\" data-language-to-translate-into=\"en\" data-phrase-index=\"0\">SPRAY ATOMIZZATO: Pressione 3-4 bar<\/span><\/span><\/p>\n<p><span class=\"VIiyi\" lang=\"it\"><span class=\"JLqJ4b ChMk0b\" data-language-for-alternatives=\"it\" data-language-to-translate-into=\"en\" data-phrase-index=\"0\">DATI TECNICI<br \/>\n<\/span> <span class=\"JLqJ4b ChMk0b\" data-language-for-alternatives=\"it\" data-language-to-translate-into=\"en\" data-phrase-index=\"2\">Densit\u00e0 (g\/cm\u00b3): 1,4-1,43<br \/>\n<\/span> <span class=\"JLqJ4b ChMk0b\" data-language-for-alternatives=\"it\" data-language-to-translate-into=\"en\" data-phrase-index=\"4\">Gloss: satinato<br \/>\n<\/span> <span class=\"JLqJ4b ChMk0b\" data-language-for-alternatives=\"it\" data-language-to-translate-into=\"en\" data-phrase-index=\"6\">Gloss a 60\u00ba:\u00a0 23%<\/span> (satinato)<br \/>\n<span class=\"JLqJ4b ChMk0b\" data-language-for-alternatives=\"it\" data-language-to-translate-into=\"en\" data-phrase-index=\"8\">Residuo secco: 55,45%-57,45%<br \/>\n<\/span> <span class=\"JLqJ4b ChMk0b\" data-language-for-alternatives=\"it\" data-language-to-translate-into=\"en\" data-phrase-index=\"10\">TEMPI DI ASCIUGATURA DI 20\u00ba C\/Umidit\u00e0 Relativa 50%:\u00a0<\/span> <span class=\"JLqJ4b ChMk0b\" data-language-for-alternatives=\"it\" data-language-to-translate-into=\"en\" data-phrase-index=\"12\">Asciutto al tatto in 30 minuti &#8211;\u00a0<\/span> <span class=\"JLqJ4b ChMk0b\" data-language-for-alternatives=\"it\" data-language-to-translate-into=\"en\" data-phrase-index=\"14\">Asciutto da sovraverniciare<\/span> <span class=\"JLqJ4b ChMk0b\" data-language-for-alternatives=\"it\" data-language-to-translate-into=\"en\" data-phrase-index=\"16\">1 h (2h per le macchie, 24h per il tannino, sempre entro lo <\/span><span class=\"JLqJ4b ChMk0b\" data-language-for-alternatives=\"it\" data-language-to-translate-into=\"en\" data-phrase-index=\"18\">stesso giorno per uso esterno) &#8211; Essiccazione completa <\/span><span class=\"JLqJ4b ChMk0b\" data-language-for-alternatives=\"it\" data-language-to-translate-into=\"en\" data-phrase-index=\"20\">7 giorni<br \/>\n<\/span> <span class=\"JLqJ4b ChMk0b\" data-language-for-alternatives=\"it\" data-language-to-translate-into=\"en\" data-phrase-index=\"22\">SPESSORE DEL FILM UMIDO CONSIGLIATO<\/span> <span class=\"JLqJ4b ChMk0b\" data-language-for-alternatives=\"it\" data-language-to-translate-into=\"en\" data-phrase-index=\"24\">80 &#8211; 110 \u03bcm<br \/>\n<\/span> <span class=\"JLqJ4b ChMk0b\" data-language-for-alternatives=\"it\" data-language-to-translate-into=\"en\" data-phrase-index=\"26\">SPESSORE FILM SECCO CONSIGLIATO<\/span> <span class=\"JLqJ4b ChMk0b\" data-language-for-alternatives=\"it\" data-language-to-translate-into=\"en\" data-phrase-index=\"28\">28 &#8211; 38 micron<br \/>\n<\/span> <span class=\"JLqJ4b ChMk0b\" data-language-for-alternatives=\"it\" data-language-to-translate-into=\"en\" data-phrase-index=\"30\">CONSUMO TEORICO<\/span> <span class=\"JLqJ4b ChMk0b\" data-language-for-alternatives=\"it\" data-language-to-translate-into=\"en\" data-phrase-index=\"32\">10 m\u00b2\/l (non superare i 7 m\u00b2\/l per evitare spessori di film troppo elevati)<\/span><\/span><\/p>\n<p><span class=\"VIiyi\" lang=\"it\"><span class=\"JLqJ4b\" data-language-for-alternatives=\"it\" data-language-to-translate-into=\"en\" data-phrase-index=\"0\">PULIZIA ATTREZZATURE \/ COLATURE Pulire con detersivo liquido e acqua tiepida. Utilizzare alcol denaturato o solvente appropriato per macchie o gocciolamenti secchi. Se asciugato sugli attrezzi, immergere per una notte in Mathys Brush Cleaner. Pulisci le setole con una spazzola metallica. Seguire le istruzioni del produttore durante la pulizia dell&#8217;attrezzatura a spruzzo.<\/span><\/span><\/p>\n<p><span class=\"VIiyi\" lang=\"it\"><span class=\"JLqJ4b\" data-language-for-alternatives=\"it\" data-language-to-translate-into=\"en\" data-phrase-index=\"0\"> OSSERVAZIONI Bulls Eye 1-2-3 Plus pu\u00f2 essere colorato con un massimo di 10 ml di colorante universale per litro per migliorare il grado di oscuramento con finiture colorate. Tempo di asciugatura: piena adesione garantita dopo la completa essiccazione del primer (normalmente 7 giorni). Temperature pi\u00f9 basse, substrato ad alta umidit\u00e0 e aggiunta di coloranti prolungheranno il tempo di asciugatura e di polimerizzazione. Limitazioni: Sconsigliato per l&#8217;applicazione su pavimenti o solai o su superfici soggette ad immersione o contatto prolungato con l&#8217;acqua. Questo elenco di limitazioni non \u00e8 esaustivo. Bulls Eye 1-2-3 Plus garantisce le prestazioni indicate se applicato secondo le indicazioni dell&#8217;etichetta su una superficie adeguatamente preparata. Le aree delle indicazioni sono il pi\u00f9 complete possibile ma non possono comprendere tutte le condizioni, le applicazioni e\/o le superfici al di fuori del controllo del produttore.<\/span><\/span><\/p>\n<p><span class=\"VIiyi\" lang=\"it\"><span class=\"JLqJ4b\" data-language-for-alternatives=\"it\" data-language-to-translate-into=\"en\" data-phrase-index=\"0\"> DATI DI SICUREZZA<br \/>\nLivello COV: 1,5 g\/l<br \/>\nVOC pronto all&#8217;uso: 1,5 g\/l<br \/>\nCategoria COV: A\/g<br \/>\nLimite COV: 30 g\/l<\/span><\/span><\/p>\n<!--themify_builder_content-->\n<div id=\"themify_builder_content-1896\" data-postid=\"1896\" class=\"themify_builder_content themify_builder_content-1896 themify_builder tf_clear\">\n    <\/div>\n<!--\/themify_builder_content-->\n","protected":false},"excerpt":{"rendered":"<p>Fondo universale a base acquosa epossi-estere cationico a rapida essiccazione con eccellenti propriet\u00e0 sigillanti. Per uso interno ed esterno. Blocca le macchie (anche quelle di acqua e fumo). Aderisce a quasi tutte le superfici anche polverose senza carteggiatura. Fuori polvere 30 minuti. Ricopribile dopo 1 ora.<\/p>\n","protected":false},"featured_media":1902,"comment_status":"open","ping_status":"closed","template":"","meta":{"_seopress_robots_primary_cat":"none","_seopress_titles_title":"","_seopress_titles_desc":"","_seopress_robots_index":"","_joinchat":[]},"product_brand":[],"product_cat":[61,16],"product_tag":[138],"class_list":{"0":"post-1896","1":"product","2":"type-product","3":"status-publish","4":"has-post-thumbnail","6":"product_cat-edilizia","7":"product_cat-legno","8":"product_tag-zinsser","9":"has-post-title","10":"has-post-date","11":"has-post-category","12":"has-post-tag","13":"has-post-comment","14":"has-post-author","15":"","17":"first","18":"instock","19":"taxable","20":"shipping-taxable","21":"purchasable","22":"product-type-variable","23":"has-default-attributes"},"_links":{"self":[{"href":"https:\/\/www.bancoboveri.com\/shop\/wp-json\/wp\/v2\/product\/1896","targetHints":{"allow":["GET"]}}],"collection":[{"href":"https:\/\/www.bancoboveri.com\/shop\/wp-json\/wp\/v2\/product"}],"about":[{"href":"https:\/\/www.bancoboveri.com\/shop\/wp-json\/wp\/v2\/types\/product"}],"replies":[{"embeddable":true,"href":"https:\/\/www.bancoboveri.com\/shop\/wp-json\/wp\/v2\/comments?post=1896"}],"wp:featuredmedia":[{"embeddable":true,"href":"https:\/\/www.bancoboveri.com\/shop\/wp-json\/wp\/v2\/media\/1902"}],"wp:attachment":[{"href":"https:\/\/www.bancoboveri.com\/shop\/wp-json\/wp\/v2\/media?parent=1896"}],"wp:term":[{"taxonomy":"product_brand","embeddable":true,"href":"https:\/\/www.bancoboveri.com\/shop\/wp-json\/wp\/v2\/product_brand?post=1896"},{"taxonomy":"product_cat","embeddable":true,"href":"https:\/\/www.bancoboveri.com\/shop\/wp-json\/wp\/v2\/product_cat?post=1896"},{"taxonomy":"product_tag","embeddable":true,"href":"https:\/\/www.bancoboveri.com\/shop\/wp-json\/wp\/v2\/product_tag?post=1896"}],"curies":[{"name":"wp","href":"https:\/\/api.w.org\/{rel}","templated":true}]}}