{"id":134,"date":"2018-08-10T17:35:14","date_gmt":"2018-08-10T15:35:14","guid":{"rendered":"https:\/\/www.bancoboveri.com\/shop\/?post_type=product&#038;p=134"},"modified":"2025-09-01T08:15:06","modified_gmt":"2025-09-01T06:15:06","slug":"refill-padbrush-8-20cm","status":"publish","type":"product","link":"https:\/\/www.bancoboveri.com\/shop\/catalogo\/prodotto\/refill-padbrush-8-20cm\/","title":{"rendered":"PadBRUSH 8 pollici &#8211; 20cm Refill"},"content":{"rendered":"<p><strong>Pad di ricambio per PadBRUSH 8&#8243; &#8211; 20cm<\/strong><\/p>\n<p>La facilit\u00e0 d&#8217;uso del tampone Padco PadBRUSH permette di pitturare pareti e soffitti velocemente grazie alle decine di migliaia di minifibre in Nylfoam che trattengono la pittura e la rilasciano rapidamente sulla superficie riducendo colature e aumentando la velocit\u00e0 di esecuzione del lavoro. Padco PadBRUSH \u00e8 ideale per pitturazioni tradizionali, decorazione e applicazione di colle per tappezzeria. Per qualsiasi superficie pitturabile, compatibile con prodotti all&#8217;acqua (pulizia con acqua e sapone del tampone autoadesivo) e prodotti a solvente tradizionale (sostituzione del tampone autoadesivo)<\/p>\n<p>Padco PadBRUSH presenta bordi a spessore per creare bordi dritti e perfetti.<\/p>\n<p>Usa la vaschetta Padco Paint Pad Tray per immergere correttamente il tampone evitando materiale in eccesso e colature di prodotto.<\/p>\n<p>Materiale brevettato a lunga durata. <strong>La confezione Refill contiene 2 Pad<\/strong><\/p>\n","protected":false},"excerpt":{"rendered":"<ul>\n<li>Pad di ricambio per PadBRUSH 8&#8243; &#8211; 20cm<\/li>\n<li>Combina la velocit\u00e0 e la facilit\u00e0 d&#8217;uso del rullo con la versatilit\u00e0 del pennello<\/li>\n<li>Decine di migliaia di minifibre permettono di trattenere la pittura ottimizzando l&#8217;applicazione senza colature<\/li>\n<li>Ideale per pitturazioni tradizionali e decorazione su muri e soffitti, applicazione della colla per tappezzeria<\/li>\n<li><strong>La confezione Refill contiene 2 Pad<\/strong><\/li>\n<\/ul>\n","protected":false},"featured_media":136,"comment_status":"open","ping_status":"closed","template":"","meta":{"_seopress_robots_primary_cat":"none","_seopress_titles_title":"","_seopress_titles_desc":"","_seopress_robots_index":"","_joinchat":[]},"product_brand":[],"product_cat":[31,50,32],"product_tag":[141],"class_list":{"0":"post-134","1":"product","2":"type-product","3":"status-publish","4":"has-post-thumbnail","6":"product_cat-tamponi","7":"product_cat-padbrush","8":"product_cat-ricambi","9":"product_tag-padco","10":"product_shipping_class-classe-sped-padco","11":"has-post-title","12":"has-post-date","13":"has-post-category","14":"has-post-tag","15":"has-post-comment","16":"has-post-author","17":"","19":"first","20":"instock","21":"taxable","22":"shipping-taxable","23":"purchasable","24":"product-type-simple"},"_links":{"self":[{"href":"https:\/\/www.bancoboveri.com\/shop\/wp-json\/wp\/v2\/product\/134","targetHints":{"allow":["GET"]}}],"collection":[{"href":"https:\/\/www.bancoboveri.com\/shop\/wp-json\/wp\/v2\/product"}],"about":[{"href":"https:\/\/www.bancoboveri.com\/shop\/wp-json\/wp\/v2\/types\/product"}],"replies":[{"embeddable":true,"href":"https:\/\/www.bancoboveri.com\/shop\/wp-json\/wp\/v2\/comments?post=134"}],"wp:featuredmedia":[{"embeddable":true,"href":"https:\/\/www.bancoboveri.com\/shop\/wp-json\/wp\/v2\/media\/136"}],"wp:attachment":[{"href":"https:\/\/www.bancoboveri.com\/shop\/wp-json\/wp\/v2\/media?parent=134"}],"wp:term":[{"taxonomy":"product_brand","embeddable":true,"href":"https:\/\/www.bancoboveri.com\/shop\/wp-json\/wp\/v2\/product_brand?post=134"},{"taxonomy":"product_cat","embeddable":true,"href":"https:\/\/www.bancoboveri.com\/shop\/wp-json\/wp\/v2\/product_cat?post=134"},{"taxonomy":"product_tag","embeddable":true,"href":"https:\/\/www.bancoboveri.com\/shop\/wp-json\/wp\/v2\/product_tag?post=134"}],"curies":[{"name":"wp","href":"https:\/\/api.w.org\/{rel}","templated":true}]}}