{"id":120,"date":"2018-07-18T15:36:59","date_gmt":"2018-07-18T13:36:59","guid":{"rendered":"https:\/\/www.bancoboveri.com\/shop\/?post_type=product&#038;p=120"},"modified":"2023-09-08T14:01:09","modified_gmt":"2023-09-08T12:01:09","slug":"classic-paint-pad-set-8-20cm","status":"publish","type":"product","link":"https:\/\/www.bancoboveri.com\/shop\/catalogo\/prodotto\/classic-paint-pad-set-8-20cm\/","title":{"rendered":"Classic Paint Pad Set 8 pollici &#8211; 20cm"},"content":{"rendered":"<div class=\"rte\">\n<p>La facilit\u00e0 d\u2019uso dei tamponi <span style=\"color: #ff0000;\">Padco Classic Paint Pad<\/span> permette di pitturare pareti e soffitti velocemente grazie alle decine di migliaia di minifibre in Nylfoam che trattengono la pittura e la rilasciano rapidamente sulla superficie riducendo colature e aumentando la velocit\u00e0 di esecuzione del lavoro. <span style=\"color: #ff0000;\">Padco Classic Paint Pad<\/span> \u00e8 ideale per pitturazioni tradizionali e decorazione. Per qualsiasi superficie pitturabile, compatibile sia con prodotti all\u2019acqua che a solvente tradizionale.<\/p>\n<p><span style=\"color: #ff0000;\">Padco Classic Paint Pad<\/span> ha una guida regolabile che permette di creare bordi dritti e perfetti. Usa <span style=\"color: #ff0000;\">Edger PADBRUSH<\/span> per aree ristrette e maggiore precisione.<\/p>\n<p>Usa la vaschetta <span style=\"color: #ff0000;\">Padco Paint Pad Tray<\/span> per immergere correttamente il tampone evitando materiale in eccesso e colature di prodotto.<\/p>\n<p>Materiale brevettato a lunga durata. Pad di ricambio disponibile (Refill) sia per <span style=\"color: #ff0000;\">Padco Classic Paint Pad 8&#8243;<\/span> che per <span style=\"color: #ff0000;\">Edger PADBRUSH<\/span><\/p>\n<\/div>\n","protected":false},"excerpt":{"rendered":"<p>Classic Paint Pad Set 8&#8243; contiene:<br \/>\n1 Classic Paint Pad 8&#8243;<br \/>\n1 Edger PadBRUSH<br \/>\n1 Paint Pad Tray 10&#8243;<\/p>\n<ul>\n<li>Tampone con guida regolabile per bordi dritti e perfetti.<\/li>\n<li>Combina la velocit\u00e0 e la facilit\u00e0 d&#8217;uso del rullo con la versatilit\u00e0 del pennello<\/li>\n<li>Compatibile sia con prodotti all&#8217;acqua che a solvente tradizionale<\/li>\n<\/ul>\n","protected":false},"featured_media":121,"comment_status":"open","ping_status":"closed","template":"","meta":{"_seopress_robots_primary_cat":"none","_seopress_titles_title":"","_seopress_titles_desc":"","_seopress_robots_index":"","_joinchat":[]},"product_brand":[],"product_cat":[49,53,31],"product_tag":[141],"class_list":{"0":"post-120","1":"product","2":"type-product","3":"status-publish","4":"has-post-thumbnail","6":"product_cat-classic","7":"product_cat-kit-completi","8":"product_cat-tamponi","9":"product_tag-padco","10":"product_shipping_class-classe-sped-gratis","11":"has-post-title","12":"has-post-date","13":"has-post-category","14":"has-post-tag","15":"has-post-comment","16":"has-post-author","17":"","19":"first","20":"outofstock","21":"taxable","22":"shipping-taxable","23":"purchasable","24":"product-type-simple"},"_links":{"self":[{"href":"https:\/\/www.bancoboveri.com\/shop\/wp-json\/wp\/v2\/product\/120","targetHints":{"allow":["GET"]}}],"collection":[{"href":"https:\/\/www.bancoboveri.com\/shop\/wp-json\/wp\/v2\/product"}],"about":[{"href":"https:\/\/www.bancoboveri.com\/shop\/wp-json\/wp\/v2\/types\/product"}],"replies":[{"embeddable":true,"href":"https:\/\/www.bancoboveri.com\/shop\/wp-json\/wp\/v2\/comments?post=120"}],"wp:featuredmedia":[{"embeddable":true,"href":"https:\/\/www.bancoboveri.com\/shop\/wp-json\/wp\/v2\/media\/121"}],"wp:attachment":[{"href":"https:\/\/www.bancoboveri.com\/shop\/wp-json\/wp\/v2\/media?parent=120"}],"wp:term":[{"taxonomy":"product_brand","embeddable":true,"href":"https:\/\/www.bancoboveri.com\/shop\/wp-json\/wp\/v2\/product_brand?post=120"},{"taxonomy":"product_cat","embeddable":true,"href":"https:\/\/www.bancoboveri.com\/shop\/wp-json\/wp\/v2\/product_cat?post=120"},{"taxonomy":"product_tag","embeddable":true,"href":"https:\/\/www.bancoboveri.com\/shop\/wp-json\/wp\/v2\/product_tag?post=120"}],"curies":[{"name":"wp","href":"https:\/\/api.w.org\/{rel}","templated":true}]}}