{"id":118,"date":"2018-07-18T15:27:35","date_gmt":"2018-07-18T13:27:35","guid":{"rendered":"https:\/\/www.bancoboveri.com\/shop\/?post_type=product&#038;p=118"},"modified":"2025-03-26T21:32:52","modified_gmt":"2025-03-26T20:32:52","slug":"padco-classic-paint-wand","status":"publish","type":"product","link":"https:\/\/www.bancoboveri.com\/shop\/catalogo\/prodotto\/padco-classic-paint-wand\/","title":{"rendered":"Padco Classic Paint Wand"},"content":{"rendered":"<p>La facilit\u00e0 d&#8217;uso della <span style=\"color: #ff0000;\">Padco Classic Paint Wand<\/span> permette di pitturare piccole aree come persiane, infissi, bordi, caloriferi, tubi, ecc&#8230; velocemente grazie alle decine di migliaia di minifibre in Nylfoam che trattengono la pittura e la rilasciano rapidamente sulla superficie riducendo colature e aumentando la velocit\u00e0 di esecuzione del lavoro. <span style=\"color: #ff0000;\">Padco Classic Paint Wand<\/span> \u00e8 ideale per pitturazioni tradizionali e decorazione. Per qualsiasi superficie pitturabile, compatibile sia con prodotti all&#8217;acqua che a solvente tradizionale.<\/p>\n<p><span style=\"color: #ff0000;\">Padco Classic Paint Wand<\/span> ha un comodo manico per un&#8217;applicazione precisa e sicura.<\/p>\n<p>Usa la vaschetta <span style=\"color: #ff0000;\">Padco Paint Pad Tray<\/span> per immergere correttamente il tampone evitando materiale in eccesso e colature di prodotto.<\/p>\n<p>Materiale brevettato a lunga durata. Pad di ricambio disponibile (Refill).<\/p>\n","protected":false},"excerpt":{"rendered":"<ul>\n<li>Mini-Tampone per lavorare in piccole aree<\/li>\n<li>Combina la velocit\u00e0 e la facilit\u00e0 d&#8217;uso del rullo con la versatilit\u00e0 del pennello<\/li>\n<li>Decine di migliaia di minifibre permettono di trattenere la pittura ottimizzando l&#8217;applicazione senza colature<\/li>\n<li>Ideale per pitturazioni tradizionali e decorazione su persiane, infissi, bordi, caloriferi, tubi<\/li>\n<li>Compatibile sia con prodotti all&#8217;acqua che a solvente tradizionale<\/li>\n<\/ul>\n","protected":false},"featured_media":119,"comment_status":"open","ping_status":"closed","template":"","meta":{"_seopress_robots_primary_cat":"none","_seopress_titles_title":"","_seopress_titles_desc":"","_seopress_robots_index":"","_joinchat":[]},"product_brand":[],"product_cat":[31,49],"product_tag":[141],"class_list":{"0":"post-118","1":"product","2":"type-product","3":"status-publish","4":"has-post-thumbnail","6":"product_cat-tamponi","7":"product_cat-classic","8":"product_tag-padco","9":"product_shipping_class-classe-sped-padco","10":"has-post-title","11":"has-post-date","12":"has-post-category","13":"has-post-tag","14":"has-post-comment","15":"has-post-author","16":"","18":"first","19":"instock","20":"taxable","21":"shipping-taxable","22":"purchasable","23":"product-type-simple"},"_links":{"self":[{"href":"https:\/\/www.bancoboveri.com\/shop\/wp-json\/wp\/v2\/product\/118","targetHints":{"allow":["GET"]}}],"collection":[{"href":"https:\/\/www.bancoboveri.com\/shop\/wp-json\/wp\/v2\/product"}],"about":[{"href":"https:\/\/www.bancoboveri.com\/shop\/wp-json\/wp\/v2\/types\/product"}],"replies":[{"embeddable":true,"href":"https:\/\/www.bancoboveri.com\/shop\/wp-json\/wp\/v2\/comments?post=118"}],"wp:featuredmedia":[{"embeddable":true,"href":"https:\/\/www.bancoboveri.com\/shop\/wp-json\/wp\/v2\/media\/119"}],"wp:attachment":[{"href":"https:\/\/www.bancoboveri.com\/shop\/wp-json\/wp\/v2\/media?parent=118"}],"wp:term":[{"taxonomy":"product_brand","embeddable":true,"href":"https:\/\/www.bancoboveri.com\/shop\/wp-json\/wp\/v2\/product_brand?post=118"},{"taxonomy":"product_cat","embeddable":true,"href":"https:\/\/www.bancoboveri.com\/shop\/wp-json\/wp\/v2\/product_cat?post=118"},{"taxonomy":"product_tag","embeddable":true,"href":"https:\/\/www.bancoboveri.com\/shop\/wp-json\/wp\/v2\/product_tag?post=118"}],"curies":[{"name":"wp","href":"https:\/\/api.w.org\/{rel}","templated":true}]}}