{"id":533,"date":"2019-01-25T13:00:50","date_gmt":"2019-01-25T12:00:50","guid":{"rendered":"https:\/\/www.bancoboveri.com\/shop\/?page_id=533"},"modified":"2019-01-26T17:43:57","modified_gmt":"2019-01-26T16:43:57","slug":"termini-e-condizioni","status":"publish","type":"page","link":"https:\/\/www.bancoboveri.com\/shop\/termini-e-condizioni\/","title":{"rendered":"Termini e Condizioni"},"content":{"rendered":"<h2 style=\"text-align: center;\"><strong>Termini e Condizioni Generali<\/strong><\/h2>\n<p>Le presenti condizioni generali di vendita disciplinano le modalit\u00e0 e le condizioni di vendita dei prodotti commercializzati da Boveri srl (i &#8220;Prodotti&#8221;). Tutti i contratti per la vendita di Prodotti da parte di Boveri srl a terzi (i &#8220;Clienti&#8221;) sono regolati dalle norme presenti in questo documento le quali formano parte integrante e sostanziale di ogni proposta, ordine e conferma d&#8217;ordine d\u2019acquisto dei Prodotti stessi. Le condizioni di vendita applicabili al tuo ordine sono quelle in vigore alla data dell&#8217;ordine stesso.<\/p>\n<p><strong><em>Prodotti, prezzi e caratteristiche\u00a0<\/em><\/strong><\/p>\n<p>Salvo ove diversamente indicato, i prezzi dei Prodotti pubblicati sul sito www.bancoboveri.com devono intendersi iva inclusa. I prezzi dei Prodotti di volta in volta pubblicati annullano e sostituiscono i precedenti e sono subordinati all\u2019effettiva disponibilit\u00e0 dei Prodotti. Boveri srl si riserva il diritto di confermare ovvero di modificare i prezzi dei Prodotti pubblicati nel proprio sito www.bancoboveri.com al momento della conferma dell&#8217;ordine del Cliente.<\/p>\n<p>Boveri srl ha un servizio tecnico che pu\u00f2 fornire informazioni aggiuntive e indicazioni sulle caratteristiche dei singoli prodotti, il Cliente e\u2019 responsabile della scelta dei Prodotti ordinati.<\/p>\n<p><em><strong>Ordini &#8211; fatturazione\u00a0<\/strong><\/em><\/p>\n<p>Tutti gli ordini di acquisto effettuati sul sito www.bancoboveri.com dovranno essere completi in ogni loro parte e dovranno contenere tutti gli elementi necessari per la corretta individuazione dei Prodotti ordinati, il Cliente deve compilare i dati richiesti al fine di emettere documentazione fiscale e di trasporto. Ogni ordine di Prodotti finalizzato ed inviato costituisce proposta contrattuale del Cliente e, pertanto, sar\u00e0 vincolante per la Boveri srl solo se dalla stessa confermato per accettazione. L&#8217;evasione dell&#8217;ordine da parte della Boveri srl equivale a conferma ed accettazione dello stesso.<\/p>\n<p>Boveri srl si riserva il diritto di non accettare ordini incompleti o con documentazione fiscale errata o non idonea. In caso di mancata esecuzione dell&#8217;ordine da parte della Boveri srl la stessa provveder\u00e0 al pi\u00f9 presto a informare il Cliente a mezzo email.<\/p>\n<p>La documentazione fiscale relativa ai Prodotti ordinati verr\u00e0 emessa da Boveri srl al momento della spedizione dell&#8217;ordine al Cliente.<\/p>\n<p><strong><em>Garanzie sui Prodotti<\/em><\/strong><\/p>\n<p>Boveri srl garantisce l&#8217;integrit\u00e0 dei Prodotti fino al momento della consegna.<\/p>\n<p><em><strong>Diritto di Recesso<\/strong><\/em><br \/>\nAgli acquisti effettuati sul sito www.bancoboveri.com si applica il D.lgs. 205\/06 che garantisce il diritto di recedere, per qualsivoglia motivo e senza penalit\u00e0, dal contratto di acquisto entro 10 giorni lavorativi dal ricevimento del prodotto.<br \/>\nTale diritto \u00e8 riservato alle sole persone fisiche, escludendo perci\u00f2 gli acquisti effettuati da rivenditori o da soggetti che, a qualsiasi titolo, acquistano per la rivendita a terzi ovvero che agiscono per scopi riferibili all\u2019attivit\u00e0 professionale eventualmente svolta.<\/p>\n<p><em><strong>Condizioni del Diritto di Recesso<\/strong><\/em><\/p>\n<ol>\n<li>l\u2019integrit\u00e0 del bene \u00e8 condizione essenziale del diritto di recesso. Il bene andr\u00e0, pertanto, reso nella confezione originale, n\u00e9 aperto n\u00e9 utilizzato, in condizioni tali da poter essere rivenduto. Al suo arrivo in magazzino, la merce verr\u00e0 esaminata per valutare eventuali danni o manomissioni.<\/li>\n<li>tutte le spese di spedizione per la restituzione della merce saranno a esclusivo carico del Cliente. La Boveri srl non risponde in nessun modo per danneggiamenti, furti e\/o smarrimenti dei prodotti oggetto di restituzione. Il relativo rischio deve, infatti, considerarsi a esclusivo carico del Cliente.<\/li>\n<\/ol>\n<p><em><strong>Modalit\u00e0 del Diritto di Recesso<\/strong><\/em><\/p>\n<ul>\n<li>il diritto di recesso si esercita mediante invio, entro il termine di cui sopra, di una lettera raccomandata con avviso di ricevimento da indirizzarsi a:<br \/>\nBoveri srl &#8211; via T.M. Canepari 20A\/5 \u2013 16159 Genova (GE);<\/li>\n<li>la comunicazione dovr\u00e0 riportare i seguenti dati:<br \/>\ni) numero e data d\u2019ordine;<br \/>\nii) l\u2019indicazione dei prodotti oggetto di recesso;<br \/>\niii) il proprio codice IBAN.<\/li>\n<li>la comunicazione potr\u00e0 altres\u00ec essere inviata, entro il medesimo termine, anche mediante PEC (posta elettronica certificata) al seguente indirizzo di posta elettronica amministrazione@boveri.com<\/li>\n<li>una volta ricevuta la comunicazione scritta con cui il nostro servizio clienti autorizza il rientro della merce, il Cliente dovr\u00e0 restituire il prodotto entro e non oltre ulteriori 10 giorni lavorativi, all\u2019indirizzo che gli verr\u00e0 comunicato dalla Boveri srl;<\/li>\n<\/ul>\n<p>Boveri srl si impegna a <strong>rimborsare il Cliente entro 10 giorni dalla data in cui \u00e8 venuto a conoscenza dell\u2019esercizio del diritto di recesso<\/strong>, provvedendo ad effettuare l\u2019accredito dell\u2019importo corrispondente al valore della merce risultante dalla fattura. Nel caso di pagamento effettuato mediante carta di credito, le somme saranno restituite al netto delle spese di commissioni bancarie.<br \/>\n<strong>Le spese di restituzione del bene devono intendersi a esclusivo carico del Cliente e pertanto non saranno oggetto di rimborso.<\/strong><br \/>\nIn caso di mancato rispetto delle condizioni e modalit\u00e0 di recesso di cui alle presenti Condizioni Generali di Vendita, ovvero in ogni caso di danneggiamento della merce per cause diverse dal trasporto della stessa, il contratto d\u2019acquisto rester\u00e0 valido ed efficace a ogni effetto e Boveri srl provveder\u00e0 a restituire al Cliente il prodotto indebitamente reso, addebitandogli le relative spese di spedizione.<\/p>\n<p>La procedura di sostituzione prodotti per errata spedizione e&#8217; attivabile quando e&#8217; stato erroneamente spedito da Boveri srl un prodotto diverso da quello che il cliente ha ordinato. Il procedimento puo&#8217; essere attivato entro 8 giorni dalla data di consegna della merce. <strong>Per sostituire gratuitamente la merce erroneamente spedita si pu\u00f2 inoltrare richiesta a mezzo email, a mezzo fax 0185-311978 o telefono 0185-370908.<\/strong><br \/>\nNel caso in cui il corriere effettui la consegna di un imballo visibilmente danneggiato, <strong>consigliamo di accettare la merce apponendo sul documento di trasporto la causale &#8220;Merce con imballo visibilmente danneggiato&#8221;<\/strong>. Se oltre all&#8217;imballo anche il materiale all&#8217;interno e&#8217; compromesso (perdita di liquido) il Cliente dovr\u00e0 contattare entro 8 giorni Boveri srl a mezzo email, a mezzo fax 0185-311978 o telefono 0185-370908 per aprire una pratica di sostituzione merce per danneggiamento.<\/p>\n<p>Le presenti Condizioni Generali sono regolate dalla Legge italiana e ogni singolo Contratto di Vendita si intende concluso in Italia e soggetto alla giurisdizione italiana. Tutte le controversie concernenti le Condizioni Generali ovvero i Contratti di Vendita saranno devolute all\u2019esclusiva competenza del Foro di Genova, ferma restando l\u2019applicabilit\u00e0 delle norme inderogabili di legge poste a tutela dei Consumatori per i quali sar\u00e0 competente l\u2019Autorit\u00e0 Giudiziaria del luogo di residenza o di domicilio del Cliente.<\/p>\n<h4><\/h4>\n<h4><em>Informazioni riguardanti la risoluzione online delle dispute ai sensi dell&#8217;Art. 14 Par. 1 dell&#8217;ODR (Online Dispute Resolution Regulation)<\/em><\/h4>\n<p>La Commissione Europea assegna ai consumatori la possibilit\u00e0 di risolvere online le dispute, ai sensi dell&#8217;Art. 14 Par. 1 dell&#8217;Online Dispute Resolution (ODR) su una delle sue piattaforme. La piattaforma (<a href=\"http:\/\/ec.europa.eu\/consumers\/odr\" target=\"_blank\" rel=\"nofollow noopener\">http:\/\/ec.europa.eu\/consumers\/odr<\/a>) serve come un luogo in cui i consumatori possono cercare di raggiungere accordi stragiudiziali sulle controversie derivanti da acquisti on-line e da contratti di servizio.<\/p>\n<p>&nbsp;<\/p>\n<!--themify_builder_content-->\n<div id=\"themify_builder_content-533\" data-postid=\"533\" class=\"themify_builder_content themify_builder_content-533 themify_builder tf_clear\">\n    <\/div>\n<!--\/themify_builder_content-->\n","protected":false},"excerpt":{"rendered":"<p>Termini e Condizioni Generali Le presenti condizioni generali di vendita disciplinano le modalit\u00e0 e le condizioni di vendita dei prodotti commercializzati da Boveri srl (i &#8220;Prodotti&#8221;). Tutti i contratti per la vendita di Prodotti da parte di Boveri srl a terzi (i &#8220;Clienti&#8221;) sono regolati dalle norme presenti in questo documento le quali formano parte [&hellip;]<\/p>\n","protected":false},"author":1,"featured_media":0,"parent":0,"menu_order":0,"comment_status":"closed","ping_status":"closed","template":"","meta":{"_seopress_robots_primary_cat":"","_seopress_titles_title":"","_seopress_titles_desc":"","_seopress_robots_index":"","_joinchat":[],"footnotes":""},"class_list":["post-533","page","type-page","status-publish","hentry","has-post-title","has-post-date","has-post-category","has-post-tag","has-post-comment","has-post-author",""],"_links":{"self":[{"href":"https:\/\/www.bancoboveri.com\/shop\/wp-json\/wp\/v2\/pages\/533","targetHints":{"allow":["GET"]}}],"collection":[{"href":"https:\/\/www.bancoboveri.com\/shop\/wp-json\/wp\/v2\/pages"}],"about":[{"href":"https:\/\/www.bancoboveri.com\/shop\/wp-json\/wp\/v2\/types\/page"}],"author":[{"embeddable":true,"href":"https:\/\/www.bancoboveri.com\/shop\/wp-json\/wp\/v2\/users\/1"}],"replies":[{"embeddable":true,"href":"https:\/\/www.bancoboveri.com\/shop\/wp-json\/wp\/v2\/comments?post=533"}],"version-history":[{"count":0,"href":"https:\/\/www.bancoboveri.com\/shop\/wp-json\/wp\/v2\/pages\/533\/revisions"}],"wp:attachment":[{"href":"https:\/\/www.bancoboveri.com\/shop\/wp-json\/wp\/v2\/media?parent=533"}],"curies":[{"name":"wp","href":"https:\/\/api.w.org\/{rel}","templated":true}]}}